{"id":13,"date":"2018-11-20T14:26:39","date_gmt":"2018-11-20T13:26:39","guid":{"rendered":"http:\/\/emmanuellelento.sante-holistique.com\/?page_id=13"},"modified":"2025-06-30T11:28:55","modified_gmt":"2025-06-30T09:28:55","slug":"prestations","status":"publish","type":"page","link":"https:\/\/emmanuellelento.sante-holistique.com\/?page_id=13","title":{"rendered":"R\u00e9flexologie"},"content":{"rendered":"<div class=\"wp-block-image is-resized is-style-rounded\">\n<figure class=\"alignright size-large\"><img loading=\"lazy\" decoding=\"async\" width=\"768\" height=\"1024\" src=\"https:\/\/emmanuellelento.sante-holistique.com\/wp-content\/uploads\/2020\/09\/carte-de-visite-768x1024.jpg\" alt=\"\" class=\"wp-image-153\" srcset=\"https:\/\/emmanuellelento.sante-holistique.com\/wp-content\/uploads\/2020\/09\/carte-de-visite-768x1024.jpg 768w, https:\/\/emmanuellelento.sante-holistique.com\/wp-content\/uploads\/2020\/09\/carte-de-visite-225x300.jpg 225w, https:\/\/emmanuellelento.sante-holistique.com\/wp-content\/uploads\/2020\/09\/carte-de-visite-1152x1536.jpg 1152w, https:\/\/emmanuellelento.sante-holistique.com\/wp-content\/uploads\/2020\/09\/carte-de-visite-1536x2048.jpg 1536w, https:\/\/emmanuellelento.sante-holistique.com\/wp-content\/uploads\/2020\/09\/carte-de-visite-scaled.jpg 1920w\" sizes=\"auto, (max-width: 767px) 89vw, (max-width: 1000px) 54vw, (max-width: 1071px) 543px, 580px\" \/><\/figure>\n<\/div>\n\n<p><span style=\"color: #ff00ff;\"><strong><em><u>L\u2019histoire de la r\u00e9flexologie\u00a0: <\/u><\/em><\/strong><\/span><\/p>\n<p>La r\u00e9flexologie plantaire est un art mill\u00e9naire, les Incas pratiquaient ces massages et les consid\u00e9raient comme un art sacr\u00e9. On a retrouv\u00e9 en Egypte un bas relief vieux de plus de 2500 ans avant J.-C. repr\u00e9sentant plusieurs th\u00e9rapeutes traitant par le massage des pieds et des mains.<\/p>\n<p>Le traitement par pression sur des points r\u00e9flexes au niveau des pieds \u00e9tait connu en Chine et en Inde il y a plus de 5000 ans.<\/p>\n<p>L&rsquo;identification des points sensibles a donc \u00e9t\u00e9 \u00e9tudi\u00e9e bien avant l&rsquo;acupuncture. 2500 ans avant J.-C., les m\u00e9decins chinois avaient d\u00e9couvert qu&rsquo;une \u00e9nergie (appel\u00e9e Qi en chinois prononc\u00e9e tchi) circule dans le corps de fa\u00e7on permanente. Cette \u00e9nergie passe par des trajets pr\u00e9cis appel\u00e9s m\u00e9ridiens ou lignes d&rsquo;acupuncture. Il existe en effet un rapport \u00e9troit entre la r\u00e9flexologie et l&rsquo;acupuncture.<\/p>\n<p>La r\u00e9flexologie plantaire semblerait \u00eatre appliqu\u00e9e un peu partout dans le monde depuis le 16\u00e9me si\u00e8cle. Les civilisations orientales pratiquent depuis toujours cette m\u00e9decine pr\u00e9ventive.<\/p>\n<p>Plusieurs m\u00e9decins (Allemands, Russes, Italiens, Am\u00e9ricains) ont \u00e9crit sur le sujet. Plus r\u00e9cemment, la r\u00e9flexologie moderne occidentale a \u00e9t\u00e9 d\u00e9velopp\u00e9e par les docteurs William Fitzgerald et par Mme Eunice Ingham,\u2026<\/p>\n<p><span style=\"color: #ff00ff;\"><strong><em><u>La r\u00e9flexologie plantaire\u00a0: <\/u><\/em><\/strong><\/span><\/p>\n<p>La r\u00e9flexologie plantaire est une m\u00e9decine douce. C\u2019est une m\u00e9thode bas\u00e9e sur la m\u00e9decine traditionnelle chinoise et l\u2019anatomie physiologie pour la connaissance et la compr\u00e9hension du fonctionnement des syst\u00e8mes du corps et des organes.<\/p>\n<p>La r\u00e9flexologie a pour objectif de stimuler\u00a0 le processus d&rsquo;auto-r\u00e9gulation afin de retrouver l&rsquo;\u00e9quilibre du corps.\u00a0; notamment au niveau des d\u00e9fenses naturelles et de l\u2019\u00e9limination des toxines.<\/p>\n<p>Les pieds sont la repr\u00e9sentation miniaturis\u00e9e du corps humain.\u00a0 Le travail du r\u00e9flexologue est de masser selon un protocole les diff\u00e9rentes zones plantaires par acupressure \u00ab\u00a0techniques de pression et de massage\u00a0\u00bb, afin de stimuler les fonctions d\u00e9ficientes et exercer une action\u00a0 <strong>d\u2019am\u00e9lioration des syst\u00e8mes \u00e9nerg\u00e9tiques.<\/strong><\/p>\n<p>Un travail en profondeur vous permettra de vous ressourcer, d\u2019affiner vos priorit\u00e9s de vie, de visionner diff\u00e9remment certains \u00e9v\u00e8nements qui vous pr\u00e9occupent.<strong>La r\u00e9flexologie aide \u00e9galement \u00e0 vous pr\u00e9parer aux examens, aux entretiens\u2026<\/strong><\/p>\n<p><strong><em><u>La r\u00e9flexologie est conseill\u00e9e pour tout le monde et \u00e0 tout \u00e2ge\u00a0<\/u><\/em><\/strong><\/p>\n<p><strong><u>Contre-indications\u00a0<\/u>:<\/strong><\/p>\n<p>M\u00eame si la r\u00e9flexologie est une Technique naturelle, des contre-indications sont \u00e0 prendre en compte\u00a0: probl\u00e8mes cardiaques, phl\u00e9bites, thromboses, mycoses ou autres infections des pieds et le cycle des 3 premiers mois de grossesse.<\/p>\n<p><span style=\"color: #ff00ff;\"><strong><em><u>La r\u00e9flexologie plantaire Th\u00e9rapeutique\u00a0: <\/u><\/em><\/strong><\/span><\/p>\n<p>Cette technique est propos\u00e9e pour de nombreux sympt\u00f4mes\u00a0; Notamment pour des probl\u00e8mes li\u00e9s aux \u00ab stress, angoisse, d\u00e9pression, irritabilit\u00e9&#8230;&#8230;.. \u00bb,\u2028mais aussi\u2028 pour les troubles du sommeil, troubles digestifs \u00ab constipation, indigestion, ulc\u00e8re, diverticule&#8230; \u00bb, et les douleurs \u00ab arthrose, arthrite, tendinite&#8230; \u00bb.<\/p>\n<p>Maux de t\u00eate<\/p>\n<p>Maladie endocrinienne\u00a0: l\u2019hyperthyro\u00efdie par exemple,\u2026<\/p>\n<p>Maladie gyn\u00e9cologique\u00a0: l\u2019endom\u00e9triose, kyste de l\u2019ovaire\u2026<\/p>\n<p><strong><em><u>Le d\u00e9roulement d\u2019une s\u00e9ance de r\u00e9flexologie\u00a0: <\/u><\/em><\/strong><\/p>\n<p>La\u00a0 premi\u00e8re s\u00e9ance de r\u00e9flexologie commence par l\u2019explication des principes de la r\u00e9flexologie.<\/p>\n<p>Lors de ce premier \u00e9change, je proc\u00e8de \u00e0 un entretien afin de cerner votre motif de consultation et\u00a0 votre\u00a0 \u00e9tat de sant\u00e9.<\/p>\n<ul>\n<li><em>La s\u00e9ance\u00a0<\/em>:<\/li>\n<\/ul>\n<p>Vous \u00eates confortablement install\u00e9 sur la table de massage, cocoon\u00e9 sous un plaid\u00a0 pour vous permettre un meilleur confort.<\/p>\n<p>Ensuite, j\u2019applique l\u2019huile de massage et je commence par des mouvements de relaxation (balayage) afin de vous d\u00e9tendre. Le travail de r\u00e9flexologie peut alors d\u00e9buter.<\/p>\n<p>Il est important de souligner que chaque s\u00e9ance est unique. C\u2019est un moment de privil\u00e8ge qui vous est r\u00e9serv\u00e9. Vous apprendrez \u00e0 vous rel\u00e2cher et nous pourrons parler de certains \u00e9v\u00e9nements de votre vie.<\/p>\n<p>Je vous demanderai de me communiquer les ressentis pendant ou apr\u00e8s le travail de r\u00e9flexologie.<\/p>\n<p>A la fin de la s\u00e9ance, je r\u00e9sumerai les conseils propos\u00e9s afin d\u2019am\u00e9liorer votre \u00e9tat de mieux-\u00eatre pour envisager un travail plus approfondi lors d\u2019une prochaine rencontre.<\/p>\n<p>Pour ce qui concerne de la dur\u00e9e de la s\u00e9ance, il faut pr\u00e9voir une heure. Cette heure comprend le temps de l\u2019installation, l\u2019\u00e9change entre nous et bien \u00e9videmment le massage de r\u00e9flexologie.<\/p>\n<ul>\n<li><em>La fr\u00e9quence des s\u00e9ances\u00a0<\/em>:<\/li>\n<\/ul>\n<p><em>Je pr\u00e9conise une s\u00e9ance toutes les 3 semaines voire 1 mois selon vos besoins. Pour un travail th\u00e9rapeutique, il est recommand\u00e9 de suivre 4 s\u00e9ances minimum.<\/em><\/p>\n<p><strong><em><u>Les Formules et les Tarifs\u00a0:<\/u><\/em><\/strong><\/p>\n<p><span style=\"color: #ff00ff;\"><strong><em>\u00ab\u00a0La Prestige\u00a0\u00bb <\/em><\/strong><strong><em>*<\/em><\/strong><strong><em>*<\/em><\/strong> <\/span><strong><em>\u00a0\u00a0\u00a0\u00a0\u00a0\u00a0\u00a0\u00a0\u00a0\u00a0\u00a0\u00a0\u00a0\u00a0\u00a0\u00a0\u00a0\u00a0\u00a0\u00a0\u00a0\u00a0\u00a0\u00a0\u00a0<\/em><\/strong><\/p>\n<p><strong><em>\u00ab\u00a0R\u00e9flexologie plantaire th\u00e9rapeutique\u00a0\u00bb <\/em><\/strong><\/p>\n<p>Cette technique est propos\u00e9e pour de nombreux sympt\u00f4mes\u00a0; Notamment pour des probl\u00e8mes li\u00e9s \u2028aux troubles digestifs<\/p>\n<p>\u00ab constipation, indigestion, ulc\u00e8re, diverticule&#8230; \u00bb, et les douleurs \u00ab arthrose, arthrite, tendinite&#8230; \u00bb\u00a0; Maux de t\u00eate\u00a0;<\/p>\n<p>Maladie endocrinienne\u00a0: l\u2019hyperthyro\u00efdie par exemple,\u2026<\/p>\n<p>Maladie gyn\u00e9cologique\u00a0: l\u2019endom\u00e9triose, kyste de l\u2019ovaire\u2026<\/p>\n<p>La s\u00e9ance comprenant un entretien d\u2019ordre de Bilan de sant\u00e9, la s\u00e9ance de r\u00e9flexologie et des pr\u00e9conisations.<\/p>\n<p><strong>S\u00e9ance\u00a0: Enfants<\/strong> de\u00a0 &#8211; 15 ans \u202640<strong>\u20ac<\/strong><strong> (60min).<\/strong><\/p>\n<p><strong>S\u00e9ance\u00a0: Adultes<\/strong>\u2026\u2026\u2026\u2026\u2026&#8230;&#8230;.\u202665<strong>\u20ac<\/strong><strong> (60 min).<\/strong><\/p>\n<p><span style=\"color: #ff00ff;\"><strong><em>\u00a0\u00bb <\/em><\/strong><strong><em>La Paix Int\u00e9rieure<\/em><\/strong><strong><em>\u00a0\u00bb\u00a0<\/em><\/strong><strong><em>*<\/em><\/strong><strong><em>*<\/em><\/strong><\/span><\/p>\n<p><strong><em>\u00ab\u00a0<\/em><\/strong><strong><em>Relaxation profonde<\/em><\/strong><strong><em> associ\u00e9e \u00e0 <\/em><\/strong><strong><em>la r\u00e9flexologie plantaire th\u00e9rapeutique\u00a0\u00bb<\/em><\/strong><strong><em>\u00a0<\/em><\/strong><\/p>\n<p>Cette technique est propos\u00e9e pour des probl\u00e8mes li\u00e9s aux \u00ab<strong> stress<\/strong>, angoisse, d\u00e9pression, irritabilit\u00e9&#8230;&#8230;.. \u00bb,\u2028et \u00e9galement pour les <strong>troubles du sommeil\u2026<\/strong><\/p>\n<p><strong>La S\u00e9ance\u2026\u2026\u2026\u2026\u2026\u2026\u2026<\/strong><strong>\u202665<\/strong><strong>\u20ac <\/strong><strong>(6<\/strong><strong>0 min).<\/strong><\/p>\n<p style=\"text-align: center;\"><strong><em>\u2026\u2026.\u00a0\u00bb <\/em><\/strong><strong><em>Les Formules Bien-\u00eatre <\/em><\/strong><strong><em>\u00ab\u00a0\u2026\u2026.<\/em><\/strong><\/p>\n<p>Elles vous apportent un moment de bien-\u00eatre, une relaxation profonde, une diminution de stress, une meilleure vitalit\u00e9, une meilleure circulation.\u00a0<\/p>\n<p><span style=\"color: #ff00ff;\"><strong><em>\u00ab\u00a0L&rsquo;Intense Moment\u00a0\u00bb\u00a0:<\/em><\/strong><strong><em> *<\/em><\/strong><strong><em>*<\/em><\/strong><\/span><\/p>\n<p><strong>La s\u00e9ance de r\u00e9flexologie\u00a0:\u00a0<\/strong>des pieds, des mains et du visage\u00a0:\u2026.<strong>65\u20ac (60min).<\/strong><\/p>\n<p><strong>La s\u00e9ance de r\u00e9flexologie\u00a0: <\/strong>des mains et du visage\u00a0: &#8230;\u2026\u2026&#8230;&#8230;&#8230;\u2026<strong>65\u20ac (60min).<\/strong><\/p>\n<p><span style=\"color: #ff00ff;\"><strong><em>\u00ab\u00a0Le Privil\u00e8ge Cocooning\u00a0\u00bb\u00a0:<\/em><\/strong><strong><em> *<\/em><\/strong><strong><em>*<\/em><\/strong><\/span><\/p>\n<p>Profitez d\u2019un moment de bien-\u00eatre chez vous ou chez un(e) ami(e), \u00e0 partir de <strong>4 personnes<\/strong> :<\/p>\n<ul>\n<li>S\u00e9ance de r\u00e9flexologie \u00ab\u00a0<strong>la prestige\u00a0<\/strong>\u00bb 60min\u00a0;<\/li>\n<\/ul>\n<p><strong>200\u20ac : soit 50\u20ac<\/strong> la s\u00e9ance par personne.<\/p>\n<p>Ou<\/p>\n<ul>\n<li>\u00ab\u00a0<strong>L\u2019Intense moment\u00a0<\/strong>\u00bb les pieds, les mains, le visage, 60 min\u00a0;<\/li>\n<\/ul>\n<p><strong>240\u20ac : soit 60 \u20ac<\/strong> la s\u00e9ance par personne.<\/p>\n<p><span style=\"color: #ff00ff;\">*Pensez \u00e0 la carte cadeau :<\/span><\/p>\n\n\n<p><strong><em>\u00ab&nbsp;Offrez ou profitez d&rsquo; un moment de bien-\u00eatre et de Relaxation profonde&nbsp;\u00bb.<\/em><\/strong><\/p>\n\n\n\n<figure class=\"wp-block-image size-large is-resized is-style-rounded\"><img loading=\"lazy\" decoding=\"async\" width=\"1024\" height=\"768\" src=\"https:\/\/emmanuellelento.sante-holistique.com\/wp-content\/uploads\/2020\/09\/IMG_1474-2-1024x768.jpg\" alt=\"\" class=\"wp-image-155\" srcset=\"https:\/\/emmanuellelento.sante-holistique.com\/wp-content\/uploads\/2020\/09\/IMG_1474-2-1024x768.jpg 1024w, https:\/\/emmanuellelento.sante-holistique.com\/wp-content\/uploads\/2020\/09\/IMG_1474-2-300x225.jpg 300w, https:\/\/emmanuellelento.sante-holistique.com\/wp-content\/uploads\/2020\/09\/IMG_1474-2-768x576.jpg 768w, https:\/\/emmanuellelento.sante-holistique.com\/wp-content\/uploads\/2020\/09\/IMG_1474-2-1536x1152.jpg 1536w, https:\/\/emmanuellelento.sante-holistique.com\/wp-content\/uploads\/2020\/09\/IMG_1474-2-2048x1536.jpg 2048w\" sizes=\"auto, (max-width: 767px) 89vw, (max-width: 1000px) 54vw, (max-width: 1071px) 543px, 580px\" \/><figcaption class=\"wp-element-caption\"><strong><span class=\"has-inline-color has-vivid-purple-color\">La carte cadeau pour un moment de bien \u00eatre<\/span><\/strong><\/figcaption><\/figure>\n\n\n\n<p><\/p>\n","protected":false},"excerpt":{"rendered":"<p>L\u2019histoire de la r\u00e9flexologie\u00a0: La r\u00e9flexologie plantaire est un art mill\u00e9naire, les Incas pratiquaient ces massages et les consid\u00e9raient comme un art sacr\u00e9. On a retrouv\u00e9 en Egypte un bas relief vieux de plus de 2500 ans avant J.-C. repr\u00e9sentant plusieurs th\u00e9rapeutes traitant par le massage des pieds et des mains. Le traitement par pression &hellip; <\/p>\n<p class=\"link-more\"><a href=\"https:\/\/emmanuellelento.sante-holistique.com\/?page_id=13\" class=\"more-link\">Continuer la lecture<span class=\"screen-reader-text\"> de &laquo;&nbsp;R\u00e9flexologie&nbsp;&raquo;<\/span><\/a><\/p>\n","protected":false},"author":1,"featured_media":0,"parent":0,"menu_order":0,"comment_status":"closed","ping_status":"closed","template":"","meta":{"footnotes":""},"class_list":["post-13","page","type-page","status-publish","hentry"],"_links":{"self":[{"href":"https:\/\/emmanuellelento.sante-holistique.com\/index.php?rest_route=\/wp\/v2\/pages\/13","targetHints":{"allow":["GET"]}}],"collection":[{"href":"https:\/\/emmanuellelento.sante-holistique.com\/index.php?rest_route=\/wp\/v2\/pages"}],"about":[{"href":"https:\/\/emmanuellelento.sante-holistique.com\/index.php?rest_route=\/wp\/v2\/types\/page"}],"author":[{"embeddable":true,"href":"https:\/\/emmanuellelento.sante-holistique.com\/index.php?rest_route=\/wp\/v2\/users\/1"}],"replies":[{"embeddable":true,"href":"https:\/\/emmanuellelento.sante-holistique.com\/index.php?rest_route=%2Fwp%2Fv2%2Fcomments&post=13"}],"version-history":[{"count":24,"href":"https:\/\/emmanuellelento.sante-holistique.com\/index.php?rest_route=\/wp\/v2\/pages\/13\/revisions"}],"predecessor-version":[{"id":458,"href":"https:\/\/emmanuellelento.sante-holistique.com\/index.php?rest_route=\/wp\/v2\/pages\/13\/revisions\/458"}],"wp:attachment":[{"href":"https:\/\/emmanuellelento.sante-holistique.com\/index.php?rest_route=%2Fwp%2Fv2%2Fmedia&parent=13"}],"curies":[{"name":"wp","href":"https:\/\/api.w.org\/{rel}","templated":true}]}}