{"id":303,"date":"2023-10-26T16:13:29","date_gmt":"2023-10-26T14:13:29","guid":{"rendered":"https:\/\/emmanuellelento.sante-holistique.com\/?page_id=303"},"modified":"2025-06-30T11:31:44","modified_gmt":"2025-06-30T09:31:44","slug":"metareflexologie","status":"publish","type":"page","link":"https:\/\/emmanuellelento.sante-holistique.com\/?page_id=303","title":{"rendered":"M\u00e9tar\u00e9flexologie"},"content":{"rendered":"\n<p><strong><em>\u00ab\u00a0La&nbsp;M\u00e9tar\u00e9flexologie\u00a0\u00bb <\/em><\/strong><strong><em>*<\/em><\/strong><strong><em>*<\/em><\/strong><\/p>\n\n\n\n<p>La METAREFLEXOLOGIE&nbsp;: Etymologiquement, en grec, m\u00e9ta signifie&nbsp;\u00ab&nbsp;apr\u00e8s, au del\u00e0 de&nbsp;\u00bb on l\u2019appelle r\u00e9flexologie psychosomatique puisqu\u2019elle va au del\u00e0 de la r\u00e9flexologie podale.<\/p>\n\n\n\n<p>Elle est appel\u00e9e aussi REFLEXOLOGIE AVANCEE.<\/p>\n\n\n\n<p>C\u2019est une technique plus approfondie pour aller au del\u00e0 du corps physique. Sp\u00e9cialis\u00e9es par cette m\u00e9thode unique dans le monde (Il existe qu&rsquo;une \u00e9cole de m\u00e9tar\u00e9flexologie \u00e0 Lille). Cette comp\u00e9tence me permet d&rsquo;approfondir en m&rsquo;appuyant sur la th\u00e9orie des liens et des techniques d&rsquo;aide \u00e0 la r\u00e9solution des conflits, en accompagnant les consultants qui traversent des maux, des conflits\u2026<\/p>\n\n\n\n<p>Si la r\u00e9flexologie podale apporte un soutien fortement appr\u00e9ci\u00e9 au corps pour l\u2019am\u00e9lioration du bien-\u00eatre et un retour vers la bonne sant\u00e9, la m\u00e9tar\u00e9flexologie nous donne les outils et techniques pour comprendre les relations intelligentes qui existent entre le biologique, l\u2019\u00e9motionnel et l\u2019informationnel.<\/p>\n\n\n\n<p>C\u2019est une synth\u00e8se d\u2019outils et d\u2019approches qui approfondit&nbsp; la r\u00e9flexologie podale et permet de toucher l\u2019\u00eatre en profondeur&nbsp;; le travail se fait sur les bases de l\u2019enseignement de la r\u00e9flexologie qui inclut la M\u00e9decine Traditionnelle Chinoise et qui permet une compr\u00e9hension biologique, \u00e9nerg\u00e9tique et \u00e9motionnelle de l\u2019\u00eatre humain&nbsp;; Cette m\u00e9thode va ensuite au-del\u00e0 de la restauration des d\u00e9fenses naturelles et des fonctions d\u00e9faillantes. Cette approche psychocorporelle permet de travailler gr\u00e2ce \u00e0 des syst\u00e8mes tampons en utilisant les outils&nbsp;:<\/p>\n\n\n\n<p>\u00ab&nbsp;la Pr\u00e9natotherapie : elle se d\u00e9finit par une analyse plus approfondie en utilisant diff\u00e9rents outils sur l\u2019embryonnaire \u00ab\u00a0la Colonne vert\u00e9brale comme outil de r\u00e9f\u00e9rence\u00a0\u00bb,<\/p>\n\n\n\n<p> les Symboliques, le D\u00e9veloppement \u00e9nerg\u00e9tique de l\u2019\u00eatre, la th\u00e9orie des liens, les relations biologiques, des cl\u00e9s et outils pour la r\u00e9solution des conflits, le transg\u00e9n\u00e9rationnel. Il sera fait usage de la prise du pouls, de la lecture du Yi King, des ouvrages de m\u00e9decine, de l\u2019arbre des Sephiroth. Il est important de souligner que la m\u00e9tar\u00e9flexologie est bas\u00e9e selon Mme Eunice Igham, Mr Sabbah, Docteur Hamer, Mr Michel Larroche.<\/p>\n\n\n\n<p>Les m\u00e9thodes qui travaillent sur le stress et la douleur comme la r\u00e9flexologie, favorisent un moment de pause pour l\u2019esprit. Cela&nbsp; permet une ouverture d\u2019un travail orient\u00e9 sur le dialogue.<\/p>\n\n\n\n<p>Avec la m\u00e9tar\u00e9flexologie, arrive le moment ad\u00e9quat pour cr\u00e9er une atmosph\u00e8re au dialogue constructif, bas\u00e9 sur ce que le corps exprime et d\u2019aborder des sujets plus profonds qui interf\u00e8rent sur l\u2019\u00e9tat de sant\u00e9.<\/p>\n\n\n\n<p>Une s\u00e9ance de m\u00e9tar\u00e9flexologie dure g\u00e9n\u00e9ralement Une heure trente. Chaque s\u00e9ance est adapt\u00e9e aux besoins individuels de chaque patient et selon le diagnostic de consultation. La m\u00e9tar\u00e9flexologie est utilis\u00e9e pour traiter des maux et ou des conflits \u2026<\/p>\n\n\n\n<p>&nbsp;Il y a des effets secondaires connus associ\u00e9s \u00e0 cette technique, car le corps d\u00e9toxifie gr\u00e2ce aux \u00e9monctoires.<\/p>\n\n\n\n<ul class=\"wp-block-list\">\n<li>la s\u00e9ance\u2026&#8230;&#8230;&#8230;&#8230;.<strong>80\u20ac (90 min).<\/strong><\/li>\n<\/ul>\n\n\n\n<p><em>Un travail en profondeur vous permettra de vous ressourcer, d\u2019affiner vos priorit\u00e9s de vie, de visionner diff\u00e9remment certains \u00e9v\u00e8nements qui vous pr\u00e9occupent.<\/em><\/p>\n\n\n\n<p>Je vous accompagne dans cette d\u00e9marche de r\u00e9flexion, en vous donnant des pistes, des points clefs selon votre rythme d\u2019avancement que vous seul utiliseriez pour avancer dans votre d\u00e9veloppement personnel.<\/p>\n\n\n\n<p><strong> Traiter des maux et ou des conflits, Burn-out, manque de confiance en soi, l\u00e2cher-prise, d\u00e9sancrage, peur de l\u2019engagement sur le plan personnel et professionnel\u2026<\/strong><\/p>\n","protected":false},"excerpt":{"rendered":"<p>\u00ab\u00a0La&nbsp;M\u00e9tar\u00e9flexologie\u00a0\u00bb ** La METAREFLEXOLOGIE&nbsp;: Etymologiquement, en grec, m\u00e9ta signifie&nbsp;\u00ab&nbsp;apr\u00e8s, au del\u00e0 de&nbsp;\u00bb on l\u2019appelle r\u00e9flexologie psychosomatique puisqu\u2019elle va au del\u00e0 de la r\u00e9flexologie podale. Elle est appel\u00e9e aussi REFLEXOLOGIE AVANCEE. C\u2019est une technique plus approfondie pour aller au del\u00e0 du corps physique. Sp\u00e9cialis\u00e9es par cette m\u00e9thode unique dans le monde (Il existe qu&rsquo;une \u00e9cole de &hellip; <\/p>\n<p class=\"link-more\"><a href=\"https:\/\/emmanuellelento.sante-holistique.com\/?page_id=303\" class=\"more-link\">Continuer la lecture<span class=\"screen-reader-text\"> de &laquo;&nbsp;M\u00e9tar\u00e9flexologie&nbsp;&raquo;<\/span><\/a><\/p>\n","protected":false},"author":1,"featured_media":0,"parent":0,"menu_order":0,"comment_status":"closed","ping_status":"closed","template":"","meta":{"footnotes":""},"class_list":["post-303","page","type-page","status-publish","hentry"],"_links":{"self":[{"href":"https:\/\/emmanuellelento.sante-holistique.com\/index.php?rest_route=\/wp\/v2\/pages\/303","targetHints":{"allow":["GET"]}}],"collection":[{"href":"https:\/\/emmanuellelento.sante-holistique.com\/index.php?rest_route=\/wp\/v2\/pages"}],"about":[{"href":"https:\/\/emmanuellelento.sante-holistique.com\/index.php?rest_route=\/wp\/v2\/types\/page"}],"author":[{"embeddable":true,"href":"https:\/\/emmanuellelento.sante-holistique.com\/index.php?rest_route=\/wp\/v2\/users\/1"}],"replies":[{"embeddable":true,"href":"https:\/\/emmanuellelento.sante-holistique.com\/index.php?rest_route=%2Fwp%2Fv2%2Fcomments&post=303"}],"version-history":[{"count":5,"href":"https:\/\/emmanuellelento.sante-holistique.com\/index.php?rest_route=\/wp\/v2\/pages\/303\/revisions"}],"predecessor-version":[{"id":460,"href":"https:\/\/emmanuellelento.sante-holistique.com\/index.php?rest_route=\/wp\/v2\/pages\/303\/revisions\/460"}],"wp:attachment":[{"href":"https:\/\/emmanuellelento.sante-holistique.com\/index.php?rest_route=%2Fwp%2Fv2%2Fmedia&parent=303"}],"curies":[{"name":"wp","href":"https:\/\/api.w.org\/{rel}","templated":true}]}}