{"id":5,"date":"2018-11-20T14:17:36","date_gmt":"2018-11-20T13:17:36","guid":{"rendered":"http:\/\/emmanuellelento.sante-holistique.com\/?page_id=5"},"modified":"2026-01-22T19:41:49","modified_gmt":"2026-01-22T18:41:49","slug":"accueil","status":"publish","type":"page","link":"https:\/\/emmanuellelento.sante-holistique.com\/","title":{"rendered":"Accueil"},"content":{"rendered":"<p style=\"text-align: center;\"><strong>Merci de me contacter au 06.85.27.44.12 ou\u00a0<\/strong><\/p>\n<p style=\"text-align: center;\"><a href=\"mailto:emmanuellereflexologue@gmail.com\">emmanuellereflexologue@gmail.com \u00a0 <\/a><\/p>\n<p>&nbsp;<\/p>\n<p><strong>Envie de prendre soin de vous,<\/strong> vous relaxer, vous ressourcer, vous d\u00e9stresser ou vous <strong>lib\u00e9rer<\/strong> des maux\u2026, <strong>rencontrons nous afin de d\u00e9couvrir mon lieu de soins, d\u2019\u00e9coute, d\u2019\u00e9change et de conseils.\u00a0<\/strong><\/p>\n<p><strong>Venez vous procurer le mieux-\u00eatre n\u00e9cessaire pour r\u00e9\u00e9quilibrer vos \u00e9nergies de corps et d\u2019esprit gr\u00e2ce \u00e0 mes diff\u00e9rents <\/strong><strong>soins qui s&rsquo;offrent \u00e0 vous : La R\u00e9flexologie, la M\u00e9tar\u00e9flexologie, Le Tuina, Le Chi Nei Tsang, l&rsquo;Harmonisation \u00e9nerg\u00e9tique et les ateliers \u00ab\u00a0Qi Gong du sommeil\u00a0\u00bb, \u00ab\u00a0Do-In visage\u00a0\u00bb, Initiation \u00e0 la r\u00e9flexologie plantaire et l&rsquo;accompagnement A Coeur Ouvert de 2 mois\u00a0<\/strong><\/p>\n<p><strong>O\u00f9\u00a0?<\/strong> \u00a0\u00a0 Je vous accueille sur rendez-vous\u00a0: <strong><em>*<\/em><\/strong><strong><em>*<\/em><\/strong><\/p>\n<p>du Lundi au Vendredi de 9h00 \u00e0 19h00,<\/p>\n<p>le Samedi de 10H00 \u00e0 12H00.<\/p>\n<p><strong>Contact au 06.85.27.44.12 ou\u00a0<\/strong><\/p>\n<p><a href=\"mailto:emmanuellereflexologue@gmail.com\">emmanuellereflexologue@gmail.com \u00a0 <\/a><strong><em>ou <\/em><\/strong><\/p>\n<p><strong><em>par messenger ou Instagram.<\/em><\/strong><\/p>\n<p><strong><em>Les Bruganelles, 847 Route de la Courbe, <\/em><\/strong><\/p>\n<p><strong><em>81300 Busque<\/em><\/strong><strong><em>*<\/em><\/strong><\/p>\n<p><strong><em>*<\/em><\/strong><strong><em>possibilit\u00e9 d\u2019intervenir \u00e0 votre bureau, ou \u00e0 votre domicile\u00a0: Tarif de d\u00e9placement sur demande.<\/em><\/strong><\/p>\n<p>Suivez-moi sur : <a href=\"https:\/\/instagram.com\/emmanuelleacoeurouvert\">https:\/\/instagram.com\/emmanuelleacoeurouvert<\/a><\/p>\n<p><a href=\"http:\/\/www.facebook.com\/reflexologue.emmanuellelento\/\">www.facebook.com\/reflexologue.emmanuellelento\/<\/a><\/p>\n<p>Je vous souhaite une agr\u00e9able visite<\/p>\n\n\n<p><\/p>\n","protected":false},"excerpt":{"rendered":"<p>Merci de me contacter au 06.85.27.44.12 ou\u00a0 emmanuellereflexologue@gmail.com \u00a0 &nbsp; Envie de prendre soin de vous, vous relaxer, vous ressourcer, vous d\u00e9stresser ou vous lib\u00e9rer des maux\u2026, rencontrons nous afin de d\u00e9couvrir mon lieu de soins, d\u2019\u00e9coute, d\u2019\u00e9change et de conseils.\u00a0 Venez vous procurer le mieux-\u00eatre n\u00e9cessaire pour r\u00e9\u00e9quilibrer vos \u00e9nergies de corps et d\u2019esprit &hellip; <\/p>\n<p class=\"link-more\"><a href=\"https:\/\/emmanuellelento.sante-holistique.com\/\" class=\"more-link\">Continuer la lecture<span class=\"screen-reader-text\"> de &laquo;&nbsp;Accueil&nbsp;&raquo;<\/span><\/a><\/p>\n","protected":false},"author":1,"featured_media":0,"parent":0,"menu_order":0,"comment_status":"closed","ping_status":"closed","template":"","meta":{"footnotes":""},"class_list":["post-5","page","type-page","status-publish","hentry"],"_links":{"self":[{"href":"https:\/\/emmanuellelento.sante-holistique.com\/index.php?rest_route=\/wp\/v2\/pages\/5","targetHints":{"allow":["GET"]}}],"collection":[{"href":"https:\/\/emmanuellelento.sante-holistique.com\/index.php?rest_route=\/wp\/v2\/pages"}],"about":[{"href":"https:\/\/emmanuellelento.sante-holistique.com\/index.php?rest_route=\/wp\/v2\/types\/page"}],"author":[{"embeddable":true,"href":"https:\/\/emmanuellelento.sante-holistique.com\/index.php?rest_route=\/wp\/v2\/users\/1"}],"replies":[{"embeddable":true,"href":"https:\/\/emmanuellelento.sante-holistique.com\/index.php?rest_route=%2Fwp%2Fv2%2Fcomments&post=5"}],"version-history":[{"count":33,"href":"https:\/\/emmanuellelento.sante-holistique.com\/index.php?rest_route=\/wp\/v2\/pages\/5\/revisions"}],"predecessor-version":[{"id":487,"href":"https:\/\/emmanuellelento.sante-holistique.com\/index.php?rest_route=\/wp\/v2\/pages\/5\/revisions\/487"}],"wp:attachment":[{"href":"https:\/\/emmanuellelento.sante-holistique.com\/index.php?rest_route=%2Fwp%2Fv2%2Fmedia&parent=5"}],"curies":[{"name":"wp","href":"https:\/\/api.w.org\/{rel}","templated":true}]}}