{"id":69,"date":"2020-01-10T13:24:04","date_gmt":"2020-01-10T12:24:04","guid":{"rendered":"http:\/\/emmanuellelento.sante-holistique.com\/?page_id=69"},"modified":"2023-10-27T19:27:47","modified_gmt":"2023-10-27T17:27:47","slug":"le-tuina","status":"publish","type":"page","link":"https:\/\/emmanuellelento.sante-holistique.com\/?page_id=69","title":{"rendered":"Le TUINA"},"content":{"rendered":"\n<p class=\"has-vivid-purple-color has-text-color\"><strong>Le Tuina : <\/strong><\/p>\n\n\n\n<p>Le Massage du corps \u00ab\u00a0M\u00e9decine Traditionnelle Chinoise\u00a0\u00bb :<\/p>\n\n\n\n<figure class=\"wp-block-image size-large is-resized is-style-rounded\"><img loading=\"lazy\" decoding=\"async\" width=\"1024\" height=\"576\" src=\"https:\/\/emmanuellelento.sante-holistique.com\/wp-content\/uploads\/2020\/09\/tuina-1-1024x576.jpg\" alt=\"\" class=\"wp-image-137\" srcset=\"https:\/\/emmanuellelento.sante-holistique.com\/wp-content\/uploads\/2020\/09\/tuina-1-1024x576.jpg 1024w, https:\/\/emmanuellelento.sante-holistique.com\/wp-content\/uploads\/2020\/09\/tuina-1-300x169.jpg 300w, https:\/\/emmanuellelento.sante-holistique.com\/wp-content\/uploads\/2020\/09\/tuina-1-768x432.jpg 768w, https:\/\/emmanuellelento.sante-holistique.com\/wp-content\/uploads\/2020\/09\/tuina-1.jpg 1366w\" sizes=\"auto, (max-width: 767px) 89vw, (max-width: 1000px) 54vw, (max-width: 1071px) 543px, 580px\" \/><\/figure>\n\n\n\n<p>Le massage Tuina est une technique de massage traditionnelle chinoise qui utilise des pressions, des mouvements et des \u00e9tirements pour stimuler la circulation sanguine et \u00e9nerg\u00e9tique du corps, soulager les tensions et am\u00e9liorer le bien-\u00eatre g\u00e9n\u00e9ral.<\/p>\n\n\n\n<p>Le Tuina est bas\u00e9 sur la m\u00e9decine traditionnelle chinoise, qui explique que le corps est travers\u00e9 par des canaux d&rsquo;\u00e9nergie appel\u00e9s \u00ab&nbsp;m\u00e9ridiens&nbsp;\u00bb. En stimulant les points d&rsquo;acupuncture et les zones r\u00e9flexes du corps, le massage Tuina permet de d\u00e9bloquer les \u00e9nergies stagnantes, de renforcer le syst\u00e8me immunitaire et de r\u00e9duire la douleur. De ce fait, am\u00e9liore la circulation du Qi (CHI) \u00ab&nbsp;l\u2019\u00e9nergie vitale&nbsp;\u00bb qu\u2019il existe dans tous \u00eatres vivants.<\/p>\n\n\n\n<p>Le massage Tuina peut \u00eatre utilis\u00e9 pour traiter une vari\u00e9t\u00e9 de troubles, tels que les douleurs musculaires et articulaires, les maux de t\u00eate, les troubles digestifs, le stress et l&rsquo;anxi\u00e9t\u00e9, et m\u00eame pour aider \u00e0 la r\u00e9cup\u00e9ration apr\u00e8s une blessure.<\/p>\n\n\n\n<p>Une s\u00e9ance de massage Tuina dure g\u00e9n\u00e9ralement une heure. J&rsquo;utilise mes mains, mes doigts, mes coudes et mes poings pour exercer diff\u00e9rentes pressions sur les points d&rsquo;acupuncture et les zones r\u00e9flexes du corps, ainsi que pour r\u00e9aliser des mouvements sp\u00e9cifiques et des \u00e9tirements pour soulager les tensions musculaires et am\u00e9liorer la circulation.<\/p>\n\n\n\n<p>Le massage Tuina est une technique de massage compl\u00e8te et efficace qui peut aider \u00e0 soulager une vari\u00e9t\u00e9 de probl\u00e8mes de sant\u00e9 et am\u00e9liorer le bien-\u00eatre g\u00e9n\u00e9ral. En revanche, avant de commencer une s\u00e9ance de massage Tuina, il est important de m&rsquo;expliquer tout probl\u00e8me de sant\u00e9 ou de traitement en cours.<\/p>\n\n\n\n<p><strong><em><u>Les Formules et les Tarifs&nbsp;:<\/u><\/em><\/strong><\/p>\n\n\n\n<p>Intervention sur les m\u00e9ridiens et sur les points d&rsquo;acupuncture pour apporter bien-\u00eatre, d\u00e9tente et lever les blocages \u00e9nerg\u00e9tiques* : &#8230;&#8230;&#8230;&#8230;&#8230;&#8230;&#8230;&#8230;&#8230;&#8230;&#8230;&#8230;&#8230;&#8230;&#8230;&#8230;&#8230;&#8230;&#8230;&#8230;&#8230;&#8230;&#8230;&#8230;..65\u20ac (60 min).<\/p>\n\n\n\n<p>Le massage du corps soulage les douleurs articulaires, les tensions musculaires, la sciatique, aide \u00e0 la gestion du stress&#8230;.<\/p>\n\n\n\n<p>Le Massage du Dos : &#8230;&#8230;&#8230;&#8230;&#8230;&#8230;&#8230;&#8230;&#8230;&#8230;&#8230;&#8230;&#8230;&#8230;&#8230;&#8230;&#8230;&#8230;30\u20ac (30 min).<\/p>\n\n\n\n<p>Le Massage du Dos associ\u00e9 \u00e0 la s\u00e9ance de r\u00e9flexologie plantaire :&#8230;&#8230;&#8230;&#8230;&#8230;&#8230;&#8230;&#8230;&#8230;&#8230;&#8230;&#8230;&#8230;&#8230;&#8230;&#8230;&#8230;&#8230;&#8230;&#8230;&#8230;&#8230;&#8230;&#8230;..65\u20ac (60 min).<\/p>\n\n\n\n<p>Le Massage des jambes associ\u00e9 \u00e0 la r\u00e9flexologie plantaire <em>* <\/em>: \u2026\u2026\u2026\u2026..\u2026&#8230;&#8230;&#8230;&#8230;&#8230;&#8230;&#8230;&#8230;&#8230;&#8230;&#8230;&#8230;&#8230;&#8230;&#8230;&#8230;&#8230;&#8230;&#8230;..65\u20ac (60 min).<\/p>\n\n\n\n<p>                                                                                            <\/p>\n","protected":false},"excerpt":{"rendered":"<p>Le Tuina : Le Massage du corps \u00ab\u00a0M\u00e9decine Traditionnelle Chinoise\u00a0\u00bb : Le massage Tuina est une technique de massage traditionnelle chinoise qui utilise des pressions, des mouvements et des \u00e9tirements pour stimuler la circulation sanguine et \u00e9nerg\u00e9tique du corps, soulager les tensions et am\u00e9liorer le bien-\u00eatre g\u00e9n\u00e9ral. Le Tuina est bas\u00e9 sur la m\u00e9decine traditionnelle &hellip; <\/p>\n<p class=\"link-more\"><a href=\"https:\/\/emmanuellelento.sante-holistique.com\/?page_id=69\" class=\"more-link\">Continuer la lecture<span class=\"screen-reader-text\"> de &laquo;&nbsp;Le TUINA&nbsp;&raquo;<\/span><\/a><\/p>\n","protected":false},"author":1,"featured_media":0,"parent":0,"menu_order":0,"comment_status":"closed","ping_status":"closed","template":"","meta":{"footnotes":""},"class_list":["post-69","page","type-page","status-publish","hentry"],"_links":{"self":[{"href":"https:\/\/emmanuellelento.sante-holistique.com\/index.php?rest_route=\/wp\/v2\/pages\/69","targetHints":{"allow":["GET"]}}],"collection":[{"href":"https:\/\/emmanuellelento.sante-holistique.com\/index.php?rest_route=\/wp\/v2\/pages"}],"about":[{"href":"https:\/\/emmanuellelento.sante-holistique.com\/index.php?rest_route=\/wp\/v2\/types\/page"}],"author":[{"embeddable":true,"href":"https:\/\/emmanuellelento.sante-holistique.com\/index.php?rest_route=\/wp\/v2\/users\/1"}],"replies":[{"embeddable":true,"href":"https:\/\/emmanuellelento.sante-holistique.com\/index.php?rest_route=%2Fwp%2Fv2%2Fcomments&post=69"}],"version-history":[{"count":10,"href":"https:\/\/emmanuellelento.sante-holistique.com\/index.php?rest_route=\/wp\/v2\/pages\/69\/revisions"}],"predecessor-version":[{"id":370,"href":"https:\/\/emmanuellelento.sante-holistique.com\/index.php?rest_route=\/wp\/v2\/pages\/69\/revisions\/370"}],"wp:attachment":[{"href":"https:\/\/emmanuellelento.sante-holistique.com\/index.php?rest_route=%2Fwp%2Fv2%2Fmedia&parent=69"}],"curies":[{"name":"wp","href":"https:\/\/api.w.org\/{rel}","templated":true}]}}