{"id":70,"date":"2020-01-10T13:24:04","date_gmt":"2020-01-10T12:24:04","guid":{"rendered":"http:\/\/emmanuellelento.sante-holistique.com\/?page_id=70"},"modified":"2023-10-27T19:32:37","modified_gmt":"2023-10-27T17:32:37","slug":"le-chi-nei-tsang","status":"publish","type":"page","link":"https:\/\/emmanuellelento.sante-holistique.com\/?page_id=70","title":{"rendered":"Chi Nei Tsang"},"content":{"rendered":"\n<p><strong><mark style=\"background-color:rgba(0, 0, 0, 0);color:#9c2275\" class=\"has-inline-color\">Le Massage du ventre <\/mark><\/strong><\/p>\n\n\n\n<p>J&rsquo;ai suivi la formation Chi Nei Tsang par Alexandrine L\u00e9on (El\u00e8ve de Gilles Marin).<\/p>\n\n\n\n<p>Le massage Chi Nei Tsang est originaire de la Vieille Chine Tao\u00efste. Ce massage est une approche holistique. Le Chi Nei Tsang int\u00e8gre donc les aspects physiques, psychiques, \u00e9motionnels et spirituels. Il permet d&rsquo;aller \u00e0 la source des probl\u00e8mes psychosomatiques et d&rsquo;en comprendre le sens.<\/p>\n\n\n\n<p>Le Massage du ventre de la \u00a0\u00bb M\u00e9decine Traditionnelle Chinoise\u00a0\u00bb : Nous savons que le ventre est notre cerveau, donc Il est important de le bichonner.<\/p>\n\n\n\n<p>En Chi Nei Tsang, je travaille en \u00e9nerg\u00e9tique sur l\u2019abdomen avec un toucher \u00e0 la fois profond et l\u00e9ger, afin d\u2019habituer les organes internes \u00e0 travailler plus efficacement.<\/p>\n\n\n\n<p>Ce massage d\u00e9toxifie et fortifie le corps&nbsp;; le palper de ce massage permet d\u2019aider les personnes \u00e0 soulager leur corps de la stagnation exc\u00e9dante, en am\u00e9liorant l\u2019\u00e9limination et en stimulant le syst\u00e8me lymphatiques et les syst\u00e8mes circulatoires.&nbsp; Par cons\u00e9quent le Chi Nei Tsang&nbsp; lib\u00e8re les \u00e9motions bloqu\u00e9es, ce qui permet au corps de retrouver un mieux \u00eatre et donc d\u2019att\u00e9nuer et ou d\u2019enlever les douleurs.<\/p>\n\n\n\n<p>Ce massage du ventre permet de se d\u00e9tendre, d\u2019am\u00e9liorer le syst\u00e8me digestif et de lib\u00e9rer les \u00e9motions. Les bienfaits du Chi Nei Tsang passent par&nbsp;: la d\u00e9sintoxication du corps et de l\u2019esprit. La connaissance de soi vers un \u00e9panouissement, renforce la vitalit\u00e9, permet un meilleur fonctionnement des organes internes, aide \u00e0 conscientiser les \u00e9motions, et am\u00e9liore la circulation de QI (CHI) \u00ab&nbsp;l\u2019\u00e9nergie vitale&nbsp;\u00bb.<\/p>\n\n\n\n<p>Le massage Chi Nei Tsang peut \u00eatre utilis\u00e9 pour traiter une vari\u00e9t\u00e9 de troubles, tels que les douleurs abdominales, les troubles digestifs, le stress, l&rsquo;anxi\u00e9t\u00e9, la d\u00e9pression et les probl\u00e8mes de sommeil\u2026<\/p>\n\n\n\n<p>Le massage Chi Nei Tsang est une technique de massage profonde et efficace qui peut aider \u00e0 soulager une vari\u00e9t\u00e9 de probl\u00e8mes de sant\u00e9 et am\u00e9liorer le bien-\u00eatre g\u00e9n\u00e9ral. En revanche, avant de commencer une s\u00e9ance de massage Chi Nei Tsang, il est important de m&rsquo;expliquer tout probl\u00e8me de sant\u00e9 ou de traitement en cours.<\/p>\n\n\n\n<figure class=\"wp-block-image size-large is-resized is-style-rounded\"><img loading=\"lazy\" decoding=\"async\" width=\"600\" height=\"401\" src=\"https:\/\/emmanuellelento.sante-holistique.com\/wp-content\/uploads\/2020\/09\/le-ventre-.jpg\" alt=\"\" class=\"wp-image-139\" srcset=\"https:\/\/emmanuellelento.sante-holistique.com\/wp-content\/uploads\/2020\/09\/le-ventre-.jpg 600w, https:\/\/emmanuellelento.sante-holistique.com\/wp-content\/uploads\/2020\/09\/le-ventre--300x201.jpg 300w\" sizes=\"auto, (max-width: 600px) 100vw, 600px\" \/><\/figure>\n\n\n\n<p>Le massage du ventre permet de se d\u00e9tendre, d&rsquo;am\u00e9liorer le syst\u00e8me digestif et de lib\u00e9rer les \u00e9motions &#8230;*<\/p>\n\n\n\n<p><span style=\"background-color:rgba(0, 0, 0, 0)\" class=\"has-inline-color has-vivid-purple-color\"><strong>Les Bienfaits du Chi Nei Tsang<\/strong> :<\/span> passent par\u00a0:<\/p>\n\n\n\n<ul class=\"wp-block-list\">\n<li>La <strong>D\u00e9sintoxication <\/strong>du corps et de l\u2019esprit.<\/li>\n\n\n\n<li>La connaissance de soi vers un <strong>\u00e9panouissement<\/strong><\/li>\n\n\n\n<li>Renforce la <strong>vitalit\u00e9<\/strong>.<\/li>\n\n\n\n<li>Permet un <strong>meilleur fonctionnement<\/strong> des organes internes<\/li>\n\n\n\n<li>Aide \u00e0 <strong>conscientiser les \u00e9motions<\/strong><\/li>\n\n\n\n<li>Am\u00e9liore la circulation du QI (Chi) <strong>\u00ab&nbsp;l\u2019\u00e9nergie vitale&nbsp;\u00bb<\/strong>&#8230;<\/li>\n<\/ul>\n\n\n\n<p> <\/p>\n\n\n<div class=\"wp-block-image is-resized is-style-default\">\n<figure class=\"alignright size-large\"><img loading=\"lazy\" decoding=\"async\" width=\"304\" height=\"371\" src=\"https:\/\/emmanuellelento.sante-holistique.com\/wp-content\/uploads\/2020\/09\/image.jpg\" alt=\"\" class=\"wp-image-160\" srcset=\"https:\/\/emmanuellelento.sante-holistique.com\/wp-content\/uploads\/2020\/09\/image.jpg 304w, https:\/\/emmanuellelento.sante-holistique.com\/wp-content\/uploads\/2020\/09\/image-246x300.jpg 246w\" sizes=\"auto, (max-width: 304px) 100vw, 304px\" \/><figcaption class=\"wp-element-caption\">Illustration de Juan Gatti<\/figcaption><\/figure>\n<\/div>\n\n\n<p class=\"has-text-align-left\">La s\u00e9ance commence par un bilan de sant\u00e9, des conseils de techniques de respiration pour d\u00e9buter le massage et se finalise par un entretien et des pr\u00e9conisations. * : &#8230;&#8230;&#8230;&#8230;&#8230;&#8230;&#8230;&#8230;&#8230;&#8230;&#8230;&#8230;.90\u20ac (selon le travail de 1h30 \u00e0 2h00).<\/p>\n\n\n\n<p>Pour cette s\u00e9ance, il est n\u00e9cessaire de ne pas manger au moins de 2 heures avant le massage. <\/p>\n\n\n\n<p>La s\u00e9ance se termine par un moment d\u00e9gustation : une boisson chaude et une collation vous seront offerts. <\/p>\n\n\n\n<p><\/p>\n","protected":false},"excerpt":{"rendered":"<p>Le Massage du ventre J&rsquo;ai suivi la formation Chi Nei Tsang par Alexandrine L\u00e9on (El\u00e8ve de Gilles Marin). Le massage Chi Nei Tsang est originaire de la Vieille Chine Tao\u00efste. Ce massage est une approche holistique. Le Chi Nei Tsang int\u00e8gre donc les aspects physiques, psychiques, \u00e9motionnels et spirituels. Il permet d&rsquo;aller \u00e0 la source &hellip; <\/p>\n<p class=\"link-more\"><a href=\"https:\/\/emmanuellelento.sante-holistique.com\/?page_id=70\" class=\"more-link\">Continuer la lecture<span class=\"screen-reader-text\"> de &laquo;&nbsp;Chi Nei Tsang&nbsp;&raquo;<\/span><\/a><\/p>\n","protected":false},"author":1,"featured_media":0,"parent":0,"menu_order":0,"comment_status":"closed","ping_status":"closed","template":"","meta":{"footnotes":""},"class_list":["post-70","page","type-page","status-publish","hentry"],"_links":{"self":[{"href":"https:\/\/emmanuellelento.sante-holistique.com\/index.php?rest_route=\/wp\/v2\/pages\/70","targetHints":{"allow":["GET"]}}],"collection":[{"href":"https:\/\/emmanuellelento.sante-holistique.com\/index.php?rest_route=\/wp\/v2\/pages"}],"about":[{"href":"https:\/\/emmanuellelento.sante-holistique.com\/index.php?rest_route=\/wp\/v2\/types\/page"}],"author":[{"embeddable":true,"href":"https:\/\/emmanuellelento.sante-holistique.com\/index.php?rest_route=\/wp\/v2\/users\/1"}],"replies":[{"embeddable":true,"href":"https:\/\/emmanuellelento.sante-holistique.com\/index.php?rest_route=%2Fwp%2Fv2%2Fcomments&post=70"}],"version-history":[{"count":15,"href":"https:\/\/emmanuellelento.sante-holistique.com\/index.php?rest_route=\/wp\/v2\/pages\/70\/revisions"}],"predecessor-version":[{"id":372,"href":"https:\/\/emmanuellelento.sante-holistique.com\/index.php?rest_route=\/wp\/v2\/pages\/70\/revisions\/372"}],"wp:attachment":[{"href":"https:\/\/emmanuellelento.sante-holistique.com\/index.php?rest_route=%2Fwp%2Fv2%2Fmedia&parent=70"}],"curies":[{"name":"wp","href":"https:\/\/api.w.org\/{rel}","templated":true}]}}